{"id":7954,"date":"2016-12-24T04:38:09","date_gmt":"2016-12-24T04:38:09","guid":{"rendered":"https:\/\/sylwiatravel.com\/about-us\/"},"modified":"2025-12-19T22:01:00","modified_gmt":"2025-12-19T21:01:00","slug":"wyprawy-do-peru-polskie-biuro-podrozy-po-peru","status":"publish","type":"page","link":"https:\/\/sylwiatravel.com\/pl\/wyprawy-do-peru-polskie-biuro-podrozy-po-peru\/","title":{"rendered":"O nas"},"content":{"rendered":"<p>\u00a0<\/p>\n<h2 style=\"color: #ffffff;\">Pragniesz zmiany?<\/h2>\n<p>Zr\u00f3b sobie przerw\u0119 i podr\u00f3\u017cuj!<\/p>\n<p>Daj si\u0119 zabra\u0107 w magiczny \u015bwiat Peru i innych kraj\u00f3w Ameryki Po\u0142udniowej<\/p>\n<h2 style=\"color: #ffffff;\">Podr\u00f3\u017cuj z pasj\u0105 po Ameryce Po\u0142udniowej<\/h2>\n<p>Poznawanie \u015bwiata czyni nasze \u017cycie bogatszym i kolorowszym!<\/p>\n<p>Podr\u00f3\u017cowanie z pasj\u0105 to co\u015b, co ci\u0119\u017cko opisa\u0107, to po prostu trzeba prze\u017cy\u0107!<\/p>\n<h2>Polskie biuro podr\u00f3\u017cy po Peru, poznaj nas!<\/h2>\n<p>Sylwia Travel, jako marka wraz z biurem podr\u00f3\u017cy Samimunay to zesp\u00f3\u0142 m\u0142odych, ambitnych i wspania\u0142ych osobowo\u015bci. Naszym hobby s\u0105 podr\u00f3\u017ce i odkrywanie najpi\u0119kniejszych zak\u0105tk\u00f3w \u015bwiata, kultury, tradycji oraz przepi\u0119knych historii lokalnych mieszka\u0144c\u00f3w. Tak w Peru, jak i na Podlasiu stawiamy na nieszablonowe wyprawy, unikalne miejsca i atrakcje poza utartymi szlakami. Tam bowiem, gdzie jest prawdziwa pasja, tam te\u017c nie ma ogranicze\u0144 w zakresie eksplorowania i odkrywania tego, co najbardziej unikalne i wyj\u0105tkowe.<\/p>\n<p>Czytelniku, jest mi niezmiernie mi\u0142o, \u017ce tu trafi\u0142e\u015b! Chcia\u0142abym, by\u015b pozna\u0142 bli\u017cej projekt Sylwia Travel, kt\u00f3ry zrodzi\u0142 si\u0119 w Peru i tam si\u0119 rozwija\u0142, jak te\u017c najnowszy projekt Samimunay, kt\u00f3ry powsta\u0142 w Polsce, na Podlasiu.<\/p>\n<p>Zapraszamy Ci\u0119 do kr\u00f3tkiej podr\u00f3\u017cy w przesz\u0142o\u015b\u0107, gdzie w paru zdaniach opowiem Ci, jak to si\u0119 wszystko zacz\u0119\u0142o.<\/p>\n<p>Nazywam si\u0119 Sylwia. Od wielu lat zajmuj\u0119 si\u0119 szeroko rozumian\u0105 turystyk\u0105, kt\u00f3ra zago\u015bci\u0142a w moim \u017cyciu i sercu podczas pobytu w Peru i ta niezwyk\u0142a relacja trwa po dzi\u015b dzie\u0144 :-).<\/p>\n<p>Strona Sylwia Travel powstawa\u0142a przez wiele lat, zmieniaj\u0105c si\u0119 z prostego bloga podr\u00f3\u017cniczego w przestrze\u0144, w kt\u00f3rej cyklicznie pojawia\u0142y si\u0119 liczne artyku\u0142y, inspiracje podr\u00f3\u017cnicze, przyk\u0142adowe programy nieszablonowych wypraw po Peru, jak te\u017c wypowiedzi uczestnik\u00f3w tych wyjazd\u00f3w. To zbi\u00f3r do\u015bwiadcze\u0144 z wieloletniego sta\u0142ego pobytu w Peru i pracy w bran\u017cy turystycznej bezpo\u015brednio z kraju Ink\u00f3w.<\/p>\n<p>Na chwil\u0119 obecn\u0105, z uwagi na liczne nowe pomys\u0142y, a co za tym idzie, tak\u017ce i nowe projekty, ch\u0119\u0107 bardziej interaktywnej i bezpo\u015bredniej wsp\u00f3\u0142pracy z mi\u0142o\u015bnikami podr\u00f3\u017cy, powsta\u0142 nowy projekt, a wraz z nim biuro podr\u00f3\u017cy Samimunay w Polsce. W ramach Samimunay kontynuujemy \u015bwiadczenie r\u00f3\u017cnego rodzaju uslug turystycnzych w Peru, jak te\u017c w Polsce, a dok\u0142adniej na Podlasiu.\u00a0<\/p>\n<p>Zapraszamy Ci\u0119 serdecznie do odkrywania z nami tego, co kochamy \u2013 Peru oraz Podlasia! Nieco wi\u0119cej o projekcie Samimunay opowiadamy te\u017c na blogu, <a title=\"Spersonalizowane wycieczki do Peru oraz po Podlasiu, odkrywaj z Samimunay \u2013 Peru i Podlasie w jednym sercu!\" href=\"https:\/\/sylwiatravel.com\/pl\/wycieczki-do-peru-oraz-po-podlasiu-z-samimunay\/\" target=\"_blank\" rel=\"noopener\">tutaj<\/a><\/p>\n<h2>Kontakt<\/h2>\n<p>Je\u017celi masz pytania zwi\u0105zane z podr\u00f3\u017cami po Peru, chcia\u0142by\u015b si\u0119 czego\u015b dowiedzie\u0107, otrzyma\u0107 sprawdzone i aktualne informacje w j\u0119zyku polskim, koniecznie do nas napisz lub zadzwo\u0144.<\/p>\n<p role=\"status\" aria-live=\"polite\" aria-atomic=\"true\">\u00a0<\/p>\n<form action=\"\/wp-admin\/post.php#wpcf7-f8021-o1\" method=\"post\" novalidate=\"novalidate\" aria-label=\"Contact form\" data-status=\"init\"><input name=\"_wpcf7\" type=\"hidden\" value=\"8021\" \/><br \/><input name=\"_wpcf7_version\" type=\"hidden\" value=\"6.0.6\" \/><br \/><input name=\"_wpcf7_locale\" type=\"hidden\" value=\"en_US\" \/><br \/><input name=\"_wpcf7_unit_tag\" type=\"hidden\" value=\"wpcf7-f8021-o1\" \/><br \/><input name=\"_wpcf7_container_post\" type=\"hidden\" value=\"0\" \/><br \/><input name=\"_wpcf7_posted_data_hash\" type=\"hidden\" value=\"\" \/><\/p>\n<p>Twoje Imi\u0119 (wymagane)<\/p>\n<p><input maxlength=\"400\" name=\"your-name\" size=\"40\" type=\"text\" value=\"\" aria-required=\"true\" aria-invalid=\"false\" \/><\/p>\n<p>Tw\u00f3j Email (wymagane)<\/p>\n<p><input maxlength=\"400\" name=\"your-email\" size=\"40\" type=\"email\" value=\"\" aria-required=\"true\" aria-invalid=\"false\" \/><\/p>\n<p>Liczba uczetnik\u00f3w:<br \/><input maxlength=\"400\" name=\"number-pax\" size=\"40\" type=\"text\" value=\"\" placeholder=\"1 person\" aria-invalid=\"false\" \/><\/p>\n[honeypot protegiendo-693]\n<p>Data wycieczki:<br \/><input name=\"date-701\" type=\"date\" value=\"\" aria-required=\"true\" aria-invalid=\"false\" \/><\/p>\n<p>Twoja wiadomo\u015b\u0107<\/p>\n<p><textarea cols=\"40\" maxlength=\"2000\" name=\"your-message\" rows=\"10\" aria-invalid=\"false\"><\/textarea><\/p>\n<p><input type=\"submit\" value=\"Wy\u015blij\" \/><\/p>\n<p>\u00a0<\/p><\/form>\n<ul>\n<li id=\"grandtour_tour_posts-8\">\n<h2>Popular Tours<\/h2>\n<h5>Do Machu Picchu w 2 dni, czym si\u0119 da. Tramping<\/h5>\n<p>\u00a0<\/p>\n<p>\u00a0<\/p>\n<h5>Jezioro Titicaca, T\u0119czowe G\u00f3ry i Qeswachaka w 3 dni. Tramping<\/h5>\n<p>\u00a0<\/p>\n<p>\u00a0<\/p>\n<h5>Ausangate 7 jezior trekking w Andach. Tramping<\/h5>\n<p>\u00a0<\/p>\n<p>\u00a0<\/p>\n<\/li>\n<li id=\"grandtour_tour_posts-9\">\n<h2>Popularne wycieczki<\/h2>\n<h5>Do Machu Picchu w 2 dni, czym si\u0119 da. Tramping<\/h5>\n<p>\u00a0<\/p>\n<p>\u00a0<\/p>\n<h5>Jezioro Titicaca, T\u0119czowe G\u00f3ry i Qeswachaka w 3 dni. Tramping<\/h5>\n<p>\u00a0<\/p>\n<p>\u00a0<\/p>\n<h5>Ausangate 7 jezior trekking w Andach. Tramping<\/h5>\n<p>\u00a0<\/p>\n<p>\u00a0<\/p>\n<\/li>\n<\/ul>\n","protected":false},"excerpt":{"rendered":"<p>\u00a0 Pragniesz zmiany? Zr\u00f3b sobie przerw\u0119 i podr\u00f3\u017cuj! Daj si\u0119 zabra\u0107 w magiczny \u015bwiat Peru i innych kraj\u00f3w Ameryki Po\u0142udniowej Podr\u00f3\u017cuj z pasj\u0105 po Ameryce Po\u0142udniowej Poznawanie \u015bwiata czyni nasze \u017cycie bogatszym i kolorowszym! Podr\u00f3\u017cowanie z pasj\u0105 to co\u015b, co [&hellip;]<\/p>\n","protected":false},"author":1,"featured_media":16216,"parent":0,"menu_order":0,"comment_status":"closed","ping_status":"closed","template":"","meta":{"footnotes":""},"class_list":["post-7954","page","type-page","status-publish","has-post-thumbnail","hentry"],"_links":{"self":[{"href":"https:\/\/sylwiatravel.com\/pl\/wp-json\/wp\/v2\/pages\/7954","targetHints":{"allow":["GET"]}}],"collection":[{"href":"https:\/\/sylwiatravel.com\/pl\/wp-json\/wp\/v2\/pages"}],"about":[{"href":"https:\/\/sylwiatravel.com\/pl\/wp-json\/wp\/v2\/types\/page"}],"author":[{"embeddable":true,"href":"https:\/\/sylwiatravel.com\/pl\/wp-json\/wp\/v2\/users\/1"}],"replies":[{"embeddable":true,"href":"https:\/\/sylwiatravel.com\/pl\/wp-json\/wp\/v2\/comments?post=7954"}],"version-history":[{"count":40,"href":"https:\/\/sylwiatravel.com\/pl\/wp-json\/wp\/v2\/pages\/7954\/revisions"}],"predecessor-version":[{"id":25271,"href":"https:\/\/sylwiatravel.com\/pl\/wp-json\/wp\/v2\/pages\/7954\/revisions\/25271"}],"wp:featuredmedia":[{"embeddable":true,"href":"https:\/\/sylwiatravel.com\/pl\/wp-json\/wp\/v2\/media\/16216"}],"wp:attachment":[{"href":"https:\/\/sylwiatravel.com\/pl\/wp-json\/wp\/v2\/media?parent=7954"}],"curies":[{"name":"wp","href":"https:\/\/api.w.org\/{rel}","templated":true}]}}