{"id":6202,"date":"2017-01-24T06:29:05","date_gmt":"2017-01-24T11:29:05","guid":{"rendered":"https:\/\/sylwiatravel.com\/?page_id=6202\/"},"modified":"2017-11-29T19:46:24","modified_gmt":"2017-11-30T00:46:24","slug":"wolontariat-w-peru","status":"publish","type":"page","link":"https:\/\/sylwiatravel.com\/pl\/wolontariat-w-peru\/","title":{"rendered":"Wolontariat w Peru"},"content":{"rendered":"<blockquote>Wolontariat w Peru &#8211; mo\u017ce opcja idealna w\u0142a\u015bnie dla Ciebie? Chcia\u0142by\u015b bli\u017cej pozna\u0107 peruwia\u0144sk\u0105 rzeczywisto\u015b\u0107? Pragniesz nauczy\u0107 si\u0119 nowych rzeczy, jak te\u017c podzieli\u0107 si\u0119 wiedz\u0105, zdolno\u015bciami i umiej\u0119tno\u015bciami, kt\u00f3re ju\u017c posiadasz? Masz troch\u0119 wolnego czasu i zale\u017cy ci na poznaniu nowego kraju? Pami\u0119taj, \u017ce w Peru istnieje wiele mo\u017cliwo\u015bci wolontariatu! Je\u017celi jeste\u015b zainteresowany, koniecznie si\u0119 z nami skontaktuj. Ch\u0119tnie pomo\u017cemy Ci wyszuka\u0107 ciekawy projekt!<\/blockquote>\n","protected":false},"excerpt":{"rendered":"","protected":false},"author":1,"featured_media":8673,"parent":0,"menu_order":0,"comment_status":"closed","ping_status":"closed","template":"","meta":{"footnotes":""},"class_list":["post-6202","page","type-page","status-publish","has-post-thumbnail","hentry"],"_links":{"self":[{"href":"https:\/\/sylwiatravel.com\/pl\/wp-json\/wp\/v2\/pages\/6202","targetHints":{"allow":["GET"]}}],"collection":[{"href":"https:\/\/sylwiatravel.com\/pl\/wp-json\/wp\/v2\/pages"}],"about":[{"href":"https:\/\/sylwiatravel.com\/pl\/wp-json\/wp\/v2\/types\/page"}],"author":[{"embeddable":true,"href":"https:\/\/sylwiatravel.com\/pl\/wp-json\/wp\/v2\/users\/1"}],"replies":[{"embeddable":true,"href":"https:\/\/sylwiatravel.com\/pl\/wp-json\/wp\/v2\/comments?post=6202"}],"version-history":[{"count":0,"href":"https:\/\/sylwiatravel.com\/pl\/wp-json\/wp\/v2\/pages\/6202\/revisions"}],"wp:featuredmedia":[{"embeddable":true,"href":"https:\/\/sylwiatravel.com\/pl\/wp-json\/wp\/v2\/media\/8673"}],"wp:attachment":[{"href":"https:\/\/sylwiatravel.com\/pl\/wp-json\/wp\/v2\/media?parent=6202"}],"curies":[{"name":"wp","href":"https:\/\/api.w.org\/{rel}","templated":true}]}}