{"id":2387,"date":"2015-03-25T16:38:29","date_gmt":"2015-03-25T16:38:29","guid":{"rendered":"https:\/\/sylwiatravel.com\/?page_id=2387"},"modified":"2024-01-17T08:18:37","modified_gmt":"2024-01-17T07:18:37","slug":"przydatne-linki","status":"publish","type":"page","link":"https:\/\/sylwiatravel.com\/pl\/przydatne-linki\/","title":{"rendered":"Przydatne linki"},"content":{"rendered":"<h3>Gdzie mo\u017cna poczyta\u0107 moje artyku\u0142y?<\/h3>\n<p style=\"text-align: justify;\">Niekt\u00f3re moje &nbsp;artyku\u0142y, czasem podobne, czasem zupe\u0142nie inne, znale\u017a\u0107 mo\u017cecie m.in. na poni\u017cej wskazanych portalach i stronach:<\/p>\n<p><a href=\"https:\/\/kochamyperu.pl\/\" target=\"_blank\" rel=\"noopener\">https:\/\/kochamyperu.pl\/<\/a><br \/>\n<a href=\"https:\/\/www.greenpointpl.com\/\" target=\"_blank\" rel=\"noopener\">https:\/\/www.greenpointpl.com\/<\/a><br \/>\n<a href=\"https:\/\/www.globtroter.pl\/\" target=\"_blank\" rel=\"noopener\">https:\/\/www.globtroter.pl\/<\/a><br \/>\n<a href=\"https:\/\/cykloid.pl\/\" target=\"_blank\" rel=\"noopener\">https:\/\/cykloid.pl\/<\/a><br \/>\n<a href=\"https:\/\/www.goforworld.com\/\" target=\"_blank\" rel=\"noopener\">https:\/\/www.goforworld.com\/<\/a><br \/>\n&nbsp;<\/p>\n<h3>Gdzie mo\u017cna by\u0142o pos\u0142ucha\u0107 moich prelekcji o Peru w 2016 roku?<\/h3>\n<p><a href=\"https:\/\/www.towarzystwo.odonow.com\/index.php\" target=\"_blank\" rel=\"noopener\">Odonowskie Towarzystwo Kulturalne<\/a><br \/>\n<a href=\"https:\/\/swietyspokoj.waw.pl\/\" target=\"_blank\" rel=\"noopener\">Klubokawiarnia \u015awi\u0119ty Spok\u00f3j w Warszawie<\/a><br \/>\n<a href=\"https:\/\/www.facebook.com\/Klub-Asbiro-Bia%C5%82ystok-1401513596829878\/\" target=\"_blank\" rel=\"noopener\">Klub ASBIRO w&nbsp;Bia\u0142ymsotku<\/a><br \/>\n<a href=\"https:\/\/www.asbiro.pl\/\" target=\"_blank\" rel=\"noopener\">Szko\u0142a ASBIRO w Warszawie<\/a><br \/>\n&nbsp;<\/p>\n<h3>Ciekawe Blogi Podr\u00f3\u017cnicze<\/h3>\n<p><a title=\"Rusz w Podroz \" href=\"https:\/\/www.ruszwpodroz.pl\/\" target=\"_blank\" rel=\"noopener\">Rusz w&nbsp;Podr\u00f3\u017c<\/a><br \/>\nO podr\u00f3\u017cach na etacie, z kredytem hipotecznym i cz\u0119sto w pojedynk\u0119! Znajdziecie tu wiele interesuj\u0105cych i inspiruj\u0105cych artyku\u0142\u00f3w, w tym dotyczcych Azji, Europy i nie tylko.<br \/>\n&nbsp;<\/p>\n<h3>Sprawdzone agencje turystyczne<\/h3>\n<p><a title=\"Inca Trail\" href=\"https:\/\/www.inkajungletour.com\/blog\" target=\"_blank\" rel=\"noopener\">Inka Jungle Tour<\/a><\/p>\n<p style=\"text-align: justify;\">Jedn\u0105 z najpopularniejszych 4-dniowych wypraw w regionie Cusco, Peru jest&nbsp;Inka Jungle Tour. To po\u0142\u0105czenie przygody rowerowej, raftingu, zip line oraz trekkingu, po kt\u00f3rych czwartego dnia o poranku trafia si\u0119 do upragnionego Machu Picchu. Jak takie zr\u00f3\u017cnicowane przygody to Wasz styl, polecam odwiedzenie tej strony.<\/p>\n<p><a title=\"Refugio Huayna Potosi\" href=\"https:\/\/huayna-potosi.com\/indexingles.html\" target=\"_blank\" rel=\"noopener\">Refugio Huayna Potosi<\/a><\/p>\n<p style=\"text-align: justify;\">Huayna Potosi to boliwijski szczyt \u2013 jedna z naj\u0142atwiejszych do zdobycia g\u00f3r powy\u017cej 6000 m n.p.m. Zdobywa\u0142am j\u0105 w 2013 roku z firm\u0105 o tej samej nazwie. A \u017ce zorganizowali wypraw\u0119 w spos\u00f3b bardzo dobry,&nbsp;polecam.<\/p>\n","protected":false},"excerpt":{"rendered":"<p>Gdzie mo\u017cna poczyta\u0107 moje artyku\u0142y? Niekt\u00f3re moje &nbsp;artyku\u0142y, czasem podobne, czasem zupe\u0142nie inne, znale\u017a\u0107 mo\u017cecie m.in. na poni\u017cej wskazanych portalach i stronach: https:\/\/kochamyperu.pl\/ https:\/\/www.greenpointpl.com\/ https:\/\/www.globtroter.pl\/ https:\/\/cykloid.pl\/ https:\/\/www.goforworld.com\/ &nbsp; Gdzie mo\u017cna by\u0142o pos\u0142ucha\u0107 moich prelekcji o Peru w 2016 roku? Odonowskie [&hellip;]<\/p>\n","protected":false},"author":1,"featured_media":0,"parent":0,"menu_order":0,"comment_status":"open","ping_status":"open","template":"","meta":{"footnotes":""},"class_list":["post-2387","page","type-page","status-publish","hentry"],"_links":{"self":[{"href":"https:\/\/sylwiatravel.com\/pl\/wp-json\/wp\/v2\/pages\/2387","targetHints":{"allow":["GET"]}}],"collection":[{"href":"https:\/\/sylwiatravel.com\/pl\/wp-json\/wp\/v2\/pages"}],"about":[{"href":"https:\/\/sylwiatravel.com\/pl\/wp-json\/wp\/v2\/types\/page"}],"author":[{"embeddable":true,"href":"https:\/\/sylwiatravel.com\/pl\/wp-json\/wp\/v2\/users\/1"}],"replies":[{"embeddable":true,"href":"https:\/\/sylwiatravel.com\/pl\/wp-json\/wp\/v2\/comments?post=2387"}],"version-history":[{"count":4,"href":"https:\/\/sylwiatravel.com\/pl\/wp-json\/wp\/v2\/pages\/2387\/revisions"}],"predecessor-version":[{"id":20502,"href":"https:\/\/sylwiatravel.com\/pl\/wp-json\/wp\/v2\/pages\/2387\/revisions\/20502"}],"wp:attachment":[{"href":"https:\/\/sylwiatravel.com\/pl\/wp-json\/wp\/v2\/media?parent=2387"}],"curies":[{"name":"wp","href":"https:\/\/api.w.org\/{rel}","templated":true}]}}