{"id":22410,"date":"2025-06-08T21:38:58","date_gmt":"2025-06-08T19:38:58","guid":{"rendered":"https:\/\/sylwiatravel.com\/tailor-made-holiday-tour-in-peru-and-bolivia-best-expeditions-and-travel-experiences\/"},"modified":"2025-06-09T22:45:37","modified_gmt":"2025-06-09T20:45:37","slug":"tailor-made-holiday-tour-in-peru-and-bolivia-best-expeditions-and-travel-experiences","status":"publish","type":"page","link":"https:\/\/sylwiatravel.com\/pl\/tailor-made-holiday-tour-in-peru-and-bolivia-best-expeditions-and-travel-experiences\/","title":{"rendered":"Podr\u00f3\u017cnicze Inspiracje Peru, Boliwia i Kolumbia"},"content":{"rendered":"<div  class=\"one withsmallpadding ppb_tour_search_youtube parallax withbg \" data-jarallax-video=\"https:\/\/www.youtube.com\/watch?v=33NQ-eYsWS0\"  style=\"text-align:center;height:800px;\" >\n<div class=\"center_wrapper\">\n<div class=\"inner_content\">\n<div class=\"standard_wrapper\">\n<h2 class=\"ppb_title\" style=\"\">Inspiracje Peru, Boliwia i Kolumbia<\/h2>\n<div class=\"page_tagline\" style=\"\">Z zami\u0142owania do przygody i tego co unikalne<\/div>\n<form id=\"tour_search_form\" class=\"tour_search_form\" method=\"get\" action=\"https:\/\/sylwiatravel.com\/pl\/wakacje-w-peru\/\">\n<div class=\"tour_search_wrapper\">\n<div class=\"one_fourth themeborder\">\n    \t\t<input id=\"keyword\" name=\"keyword\" type=\"text\" autocomplete=\"off\" placeholder=\"Destination, city\"\/><br \/>\n    \t\t<span class=\"ti-search\"><\/span><\/p>\n<div id=\"autocomplete\" class=\"autocomplete\" data-mousedown=\"false\"><\/div>\n<\/p><\/div>\n<div class=\"one_fourth themeborder\"><select id=\"month\" name=\"month\"><option value=\"\">Any Month<\/option><option value=\"january\">January<\/option><option value=\"february\">February<\/option><option value=\"march\">March<\/option><option value=\"april\">April<\/option><option value=\"may\">May<\/option><option value=\"june\">June<\/option><option value=\"july\">July<\/option><option value=\"august\">August<\/option><option value=\"september\">September<\/option><option value=\"october\">October<\/option><option value=\"november\">November<\/option><option value=\"december\">December<\/option><\/select><br \/>\n    \t\t<span class=\"ti-calendar\"><\/span>\n    \t<\/div>\n<div class=\"one_fourth themeborder\"><select id=\"sort_by\" name=\"sort_by\"><option value=\"date\">Sort By Date<\/option><option value=\"price_low\">Price Low to High<\/option><option value=\"price_high\">Price High to Low<\/option><option value=\"name\">Sort By Name<\/option><option value=\"popular\">Sort By Popularity<\/option><option value=\"review\">Sort By Review Score<\/option><\/select><br \/>\n    \t\t<span class=\"ti-exchange-vertical\"><\/span>\n    \t<\/div>\n<div class=\"one_fourth last themeborder\">\n    \t\t<input id=\"tour_search_btn\" type=\"submit\" class=\"button\" value=\"Search\"\/>\n    \t<\/div>\n<p><br class=\"clear\"\/><\/p>\n<div class=\"tour_advance_search_wrapper\">\n<div class=\"one_fourth themeborder\"><select id=\"tourcat\" name=\"tourcat\"><option value=\"\">All Categories<\/option><option value=\"tramping\">Tramping<\/option><option value=\"najpopularniejsze\">Wycieczka do Peru &#8211; Najpopularniejsze<\/option><option value=\"wycieczki-trekkingowe\">Wycieczka do Peru Trekkingowe<\/option><option value=\"wycieczki-dwudniowe\">Wycieczki dwudniowe<\/option><option value=\"wycieczki-jednodniowe\">Wycieczki jednodniowe<\/option><option value=\"wycieczki-kilkudniowe\">Wycieczki kilkudniowe<\/option><option value=\"wycieczki-kilkutygodniowe\">Wycieczki kilkutygodniowe<\/option><option value=\"wycieczki-rodzinne\">Wycieczki Rodzinne<\/option><\/select><br \/>\n\t    \t\t<span class=\"ti-angle-down\"><\/span>\n\t    \t<\/div>\n<div class=\"one_fourth themeborder\"><select id=\"destination_id\" name=\"destination_id\"><option value=\"\">Any Destinations<\/option><\/select><br \/>\n\t    \t\t<span class=\"ti-angle-down\"><\/span>\n\t    \t<\/div>\n<div class=\"one_fourth themeborder\">\n\t    \t\t<input id=\"budget\" name=\"budget\" type=\"text\" placeholder=\"Max budget ex. 500\"\/><br \/>\n\t    \t\t<span>$<\/span>\n\t    \t<\/div>\n<\/div>\n<\/div>\n<div class=\"tour_advance_search_wrapper_link\"><a id=\"tour_advance_search_toggle\" href=\"javascript:;\" style=\"\"><span class=\"icon ti-angle-down\"><\/span>Advanced Search<\/a><\/div>\n<\/p><\/div>\n<\/form>\n<\/div>\n<\/div>\n<\/div>\n<\/div>\n<div  class=\"one withsmallpadding ppb_header \" style=\"text-align:center;padding:0px 0 0px 0;margin-top:70px;margin-bottom:50px;\" >\n<div class=\"standard_wrapper\">\n<div class=\"page_content_wrapper\">\n<div class=\"inner\">\n<div style=\"margin:auto;width:100%\">\n<h2 class=\"ppb_title\" style=\"\">Najpopularniejsze inspiracje podr\u00f3\u017cnicze<\/h2>\n<div class=\"page_tagline\" style=\"\">Planujesz podr\u00f3\u017c do Peru, Boliwii lub Kolumbii? Zobacz jak pi\u0119kne atrakcje, szlaki trekkingowe, czy rowerowe mo\u017cesz pozna\u0107 i odkry\u0107.<\/div>\n<\/div>\n<\/div>\n<\/div>\n<\/div>\n<\/div>\n<div  class=\"ppb_tour_classic one nopadding \" style=\"margin-bottom:50px;\" >\n<div class=\"page_content_wrapper page_main_content sidebar_content full_width fixed_column\">\n<div class=\"standard_wrapper\">\n<div id=\"17495019371826905899\" class=\"portfolio_filter_wrapper gallery classic three_cols\" data-columns=\"3\">\n<div class=\"element grid classic3_cols animated1\">\n<div class=\"one_third gallery3 classic static filterable portfolio_type themeborder\"><a class=\"tour_image\" href=\"https:\/\/sylwiatravel.com\/pl\/wycieczka\/do-machu-picchu-w-2-dni-czym-sie-da\/\"><br \/>\n\t\t\t\t\t<img decoding=\"async\" src=\"https:\/\/sylwiatravel.com\/wp-content\/uploads\/2018\/05\/Machu-Picchu-widok-z-Huayna-Picchu-700x466.jpg\" alt=\"Do Machu Picchu w 2 dni, czym si\u0119 da. Tramping\" \/><\/a><\/p>\n<div class=\"portfolio_info_wrapper\">\n        \t\t    <a class=\"tour_link\" href=\"https:\/\/sylwiatravel.com\/pl\/wycieczka\/do-machu-picchu-w-2-dni-czym-sie-da\/\"><\/p>\n<h4>Do Machu Picchu w 2 dni, czym si\u0119 da. Tramping<\/h4>\n<p><\/a><\/p>\n<div class=\"tour_excerpt\">\n<p>Je\u017celi nie masz czasu, skorzystaj z wycieczki Machu Picchu w 2 dni w wersji tramping i odkrywaj Peru niskobud\u017cetowo.<\/p>\n<\/div>\n<div class=\"tour_attribute_wrapper\">\n<div class=\"tour_attribute_days\">\n\t\t\t    \t\t\t    <span class=\"ti-time\"><\/span>2&nbsp;days<\/div>\n<\/div>\n<p>        \t\t    <br class=\"clear\"\/>\n\t\t\t\t<\/div>\n<\/div>\n<\/div>\n<div class=\"element grid classic3_cols animated2\">\n<div class=\"one_third gallery3 classic static filterable portfolio_type themeborder\"><a class=\"tour_image\" href=\"https:\/\/sylwiatravel.com\/pl\/wycieczka\/titicaca-teczowe-gory-i-qeswachaka-3-dni\/\"><br \/>\n\t\t\t\t\t<img decoding=\"async\" src=\"https:\/\/sylwiatravel.com\/wp-content\/uploads\/2019\/06\/P\u00f3\u0142wysep-Llchon-Peru-wyprawy-niestandardowe-700x466.jpg\" alt=\"Jezioro Titicaca, T\u0119czowe G\u00f3ry i Qeswachaka w 3 dni. Tramping\" \/><\/a><\/p>\n<div class=\"portfolio_info_wrapper\">\n        \t\t    <a class=\"tour_link\" href=\"https:\/\/sylwiatravel.com\/pl\/wycieczka\/titicaca-teczowe-gory-i-qeswachaka-3-dni\/\"><\/p>\n<h4>Jezioro Titicaca, T\u0119czowe G\u00f3ry i Qeswachaka w 3 dni. Tramping<\/h4>\n<p><\/a><\/p>\n<div class=\"tour_excerpt\">\n<p>Chcia\u0142by\u015b w zaledwie 3 dni pozna\u0107 kolorowe Andy, przej\u015b\u0107 si\u0119 po inkaskim mo\u015bcie Qeswachaka, pop\u0142ywa\u0107 \u0197odzi\u0105 po jeziorze Titicaca, odwiedzi\u0107 kilka odmiennych wysp, kt\u00f3re si\u0119 na nim znajduj\u0105, w tym pozna\u0107 lokalne spo\u0142eczno\u015bci zamieszkuj\u0105ce te \u2026<\/p>\n<\/div>\n<div class=\"tour_attribute_wrapper\">\n<div class=\"tour_attribute_days\">\n\t\t\t    \t\t\t    <span class=\"ti-time\"><\/span>3&nbsp;days<\/div>\n<\/div>\n<p>        \t\t    <br class=\"clear\"\/>\n\t\t\t\t<\/div>\n<\/div>\n<\/div>\n<div class=\"element grid classic3_cols animated3\">\n<div class=\"one_third gallery3 classic static filterable portfolio_type themeborder\"><a class=\"tour_image\" href=\"https:\/\/sylwiatravel.com\/pl\/wycieczka\/ausangate-7-jezior-trekking-tramping\/\"><br \/>\n\t\t\t\t\t<img decoding=\"async\" src=\"https:\/\/sylwiatravel.com\/wp-content\/uploads\/2020\/04\/26-700x466.jpg\" alt=\"Ausangate 7 jezior trekking w Andach. Tramping\" \/><\/a><\/p>\n<div class=\"portfolio_info_wrapper\">\n        \t\t    <a class=\"tour_link\" href=\"https:\/\/sylwiatravel.com\/pl\/wycieczka\/ausangate-7-jezior-trekking-tramping\/\"><\/p>\n<h4>Ausangate 7 jezior trekking w Andach. Tramping<\/h4>\n<p><\/a><\/p>\n<div class=\"tour_excerpt\">\n<p>Stada alpak, lokalne wioski andyjskie, pi\u0119kne krajobrazy na o\u015bnie\u017cone szczyty, prawie 5000 m n.p.m. do zdobycia. Wszystko w ci\u0105gu zaledwie dwudniowego trekkingu. Wysokie Andy czekaj\u0105 na mi\u0142o\u015bnik\u00f3w g\u00f3rskich przyg\u00f3d!<\/p>\n<\/div>\n<div class=\"tour_attribute_wrapper\">\n<div class=\"tour_attribute_days\">\n\t\t\t    \t\t\t    <span class=\"ti-time\"><\/span>2&nbsp;days<\/div>\n<\/div>\n<p>        \t\t    <br class=\"clear\"\/>\n\t\t\t\t<\/div>\n<\/div>\n<\/div>\n<div class=\"element grid classic3_cols animated4\">\n<div class=\"one_third gallery3 classic static filterable portfolio_type themeborder\"><a class=\"tour_image\" href=\"https:\/\/sylwiatravel.com\/pl\/wycieczka\/wyprawa-do-kolumbii-w-16-dni\/\"><br \/>\n\t\t\t\t\t<img decoding=\"async\" src=\"https:\/\/sylwiatravel.com\/wp-content\/uploads\/2020\/03\/Wyprawa-do-Kolumbii-Parque-Tayrona--700x466.jpg\" alt=\"Wyprawa do Kolumbii z kawowym rajem, magi\u0105 Karaib\u00f3w i magicznymi miasteczkami w 16 dni\" \/><\/a><\/p>\n<div class=\"portfolio_info_wrapper\">\n        \t\t    <a class=\"tour_link\" href=\"https:\/\/sylwiatravel.com\/pl\/wycieczka\/wyprawa-do-kolumbii-w-16-dni\/\"><\/p>\n<h4>Wyprawa do Kolumbii z kawowym rajem, magi\u0105 Karaib\u00f3w i magicznymi miasteczkami w 16 dni<\/h4>\n<p><\/a><\/p>\n<div class=\"tour_excerpt\">\n<p>Odkrywaj z nami Ameryk\u0119 Poludniowa i jej najwi\u0119ksze kraje. Tym razem polecamy nowy kierunek &#8211; wyprawa do Kolumbii \ud83d\ude42 <\/p>\n<\/div>\n<div class=\"tour_attribute_wrapper\">\n<div class=\"tour_attribute_days\">\n\t\t\t    \t\t\t    <span class=\"ti-time\"><\/span>16&nbsp;days<\/div>\n<\/div>\n<p>        \t\t    <br class=\"clear\"\/>\n\t\t\t\t<\/div>\n<\/div>\n<\/div>\n<div class=\"element grid classic3_cols animated5\">\n<div class=\"one_third gallery3 classic static filterable portfolio_type themeborder\"><a class=\"tour_image\" href=\"https:\/\/sylwiatravel.com\/pl\/wycieczka\/zapachy-i-kojace-dzwieki-dzungli\/\"><br \/>\n\t\t\t\t\t<img decoding=\"async\" src=\"https:\/\/sylwiatravel.com\/wp-content\/uploads\/2017\/11\/Puerto-Maldonadto-wyprawy-po-dzungli-w-Peru-700x466.jpg\" alt=\"Zapachy i koj\u0105ce d\u017awi\u0119ki d\u017cungli, czyli Tambopata, Madre de Dios, Sandoval\" \/><\/a><\/p>\n<div class=\"portfolio_info_wrapper\">\n        \t\t    <a class=\"tour_link\" href=\"https:\/\/sylwiatravel.com\/pl\/wycieczka\/zapachy-i-kojace-dzwieki-dzungli\/\"><\/p>\n<h4>Zapachy i koj\u0105ce d\u017awi\u0119ki d\u017cungli, czyli Tambopata, Madre de Dios, Sandoval<\/h4>\n<p><\/a><\/p>\n<div class=\"tour_excerpt\">\n<p>D\u017cungla peruwia\u0144ska ma wiele twarzy. Ka\u017cdy jej fragment charakteryzuje si\u0119 odmiennymi widokami, atrakcjami. Dla tych, kt\u00f3rzy nie maj\u0105 zbyt du\u017co czasu, a chc\u0105 do\u015bwiadczy\u0107 tak\u017ce i tej cz\u0119\u015bci Peru proponujemy wyprawy jedno, dwu lub trzydniowe \u2026<\/p>\n<\/div>\n<div class=\"tour_attribute_wrapper\">\n<div class=\"tour_attribute_days\">\n\t\t\t    \t\t\t    <span class=\"ti-time\"><\/span>3&nbsp;days<\/div>\n<\/div>\n<p>        \t\t    <br class=\"clear\"\/>\n\t\t\t\t<\/div>\n<\/div>\n<\/div>\n<div class=\"element grid classic3_cols animated6\">\n<div class=\"one_third gallery3 classic static filterable portfolio_type themeborder\"><a class=\"tour_image\" href=\"https:\/\/sylwiatravel.com\/pl\/wycieczka\/kup-u-nas-bilety-na-machu-picchu\/\"><br \/>\n\t\t\t\t\t<img decoding=\"async\" src=\"https:\/\/sylwiatravel.com\/wp-content\/uploads\/2017\/08\/Pery-wyieczki.jpg\" alt=\"Wybierasz si\u0119 do Peru na w\u0142asn\u0105 r\u0119k\u0119, kup u nas bilety na Machu Picchu i na poci\u0105g\" \/><\/a><\/p>\n<div class=\"portfolio_info_wrapper\">\n        \t\t    <a class=\"tour_link\" href=\"https:\/\/sylwiatravel.com\/pl\/wycieczka\/kup-u-nas-bilety-na-machu-picchu\/\"><\/p>\n<h4>Wybierasz si\u0119 do Peru na w\u0142asn\u0105 r\u0119k\u0119, kup u nas bilety na Machu Picchu i na poci\u0105g<\/h4>\n<p><\/a><\/p>\n<div class=\"tour_excerpt\">\n<p>Lubisz podr\u00f3\u017cowa\u0107 na w\u0142asn\u0105 r\u0119k\u0119, ale wolisz mie\u0107 zagwarantowane bilety na Machu Picchu oraz na poci\u0105g do Aguas Calientes? Nic prostszego, zam\u00f3w zakup bilet\u00f3w u nas!<\/p>\n<\/div>\n<div class=\"tour_attribute_wrapper\">\n<div class=\"tour_attribute_days\">\n\t\t\t    \t\t\t    <span class=\"ti-time\"><\/span>1&nbsp;day<\/div>\n<\/div>\n<p>        \t\t    <br class=\"clear\"\/>\n\t\t\t\t<\/div>\n<\/div>\n<\/div>\n<\/div>\n<\/div>\n<\/div>\n<\/div>\n<div  class=\"parallax \" style=\"background-image: url(https:\/\/sylwiatravel.com\/wp-content\/uploads\/2016\/12\/Wyprawy-grupowe-po-Peru-2018-e1538681272837.jpg);height:60vh; \"><\/div>\n<div  class=\"one withsmallpadding ppb_header \" style=\"text-align:center;padding:0px 0 0px 0;margin-top:70px;margin-bottom:50px;\" >\n<div class=\"standard_wrapper\">\n<div class=\"page_content_wrapper\">\n<div class=\"inner\">\n<div style=\"margin:auto;width:100%\">\n<h2 class=\"ppb_title\" style=\"\">Artyku\u0197y &amp; Porady<\/h2>\n<div class=\"page_tagline\" style=\"\">O podr\u00f3\u017cach z pasj\u0105. Informacje o Peru i nie tylko, podr\u00f3\u017cnicze wskaz\u00f3wki, inspiracje. Zapraszamy!<\/div>\n<\/div>\n<\/div>\n<\/div>\n<\/div>\n<\/div>\n<div class=\"standard_wrapper\">\n<div  class=\"ppb_blog_grid one nopadding\" style=\"padding:0px 0 0px 0;margin-bottom:50px;\" >\n<div class=\"page_content_wrapper\">\n<div class=\"inner\">\n<div class=\"inner_wrapper\">\n<div class=\"blog_grid_wrapper sidebar_content full_width ppb_blog_posts\">\n<div id=\"post-21106\" class=\"post type-post hentry status-publish \">\n<div class=\"post_wrapper grid_layout\">\n<div class=\"post_img small static\">\n\t\t    \t    \t<a href=\"https:\/\/sylwiatravel.com\/pl\/wycieczki-do-peru-oraz-po-podlasiu-z-samimunay\/\"><br \/>\n\t\t    \t    \t\t<img decoding=\"async\" src=\"https:\/\/sylwiatravel.com\/wp-content\/uploads\/2020\/03\/Machu-Picchu-w-Peru-960x636.jpg\" alt=\"Spersonalizowane wycieczki do Peru oraz po Podlasiu, odkrywaj z Samimunay \u2013 Peru i Podlasie w jednym sercu!\" class=\"\"\/><br \/>\n\t\t                <\/a>\n\t\t    \t    <\/div>\n<div class=\"post_header_wrapper\">\n<div class=\"post_header grid\">\n<div class=\"post_detail single_post\">\n\t\t\t\t    <span class=\"post_info_date\"><br \/>\n\t\t\t\t    \t<a href=\"https:\/\/sylwiatravel.com\/pl\/wycieczki-do-peru-oraz-po-podlasiu-z-samimunay\/\" title=\"Spersonalizowane wycieczki do Peru oraz po Podlasiu, odkrywaj z Samimunay \u2013 Peru i Podlasie w jednym sercu!\">April 25, 2025<\/a><br \/>\n\t\t\t\t    <\/span>\n\t\t\t\t<\/div>\n<h6><a href=\"https:\/\/sylwiatravel.com\/pl\/wycieczki-do-peru-oraz-po-podlasiu-z-samimunay\/\" title=\"Spersonalizowane wycieczki do Peru oraz po Podlasiu, odkrywaj z Samimunay \u2013 Peru i Podlasie w jednym sercu!\">Spersonalizowane wycieczki do Peru oraz po Podlasiu, odkrywaj z Samimunay \u2013 Peru i Podlasie w jednym sercu!<\/a><\/h6>\n<\/p><\/div>\n<p>\ud83c\uddf5\ud83c\uddea Wycieczki do Peru z polskim biurem podr\u00f3\u017cy &#8211; poznaj nasz nowy projekt&#8230;<\/p>\n<div class=\"post_button_wrapper\">\n\t\t\t    \t<a class=\"readmore\" href=\"https:\/\/sylwiatravel.com\/pl\/wycieczki-do-peru-oraz-po-podlasiu-z-samimunay\/\">Read More<span class=\"ti-angle-right\"><\/span><\/a>\n\t\t\t\t\t<\/div>\n<\/p><\/div>\n<\/p><\/div>\n<\/p><\/div>\n<div id=\"post-19311\" class=\"post type-post hentry status-publish \">\n<div class=\"post_wrapper grid_layout\">\n<div class=\"post_img small static\">\n\t\t    \t    \t<a href=\"https:\/\/sylwiatravel.com\/pl\/teczowe-gory-w-cuzco-aklimatyzacja\/\"><br \/>\n\t\t    \t    \t\t<img decoding=\"async\" src=\"https:\/\/sylwiatravel.com\/wp-content\/uploads\/2022\/08\/Teczowe-gory-w-Cuzco-w-Peru-960x636.jpg\" alt=\"T\u0119czowe g\u00f3ry w Cuzco aklimatyzacja\" class=\"\"\/><br \/>\n\t\t                <\/a>\n\t\t    \t    <\/div>\n<div class=\"post_header_wrapper\">\n<div class=\"post_header grid\">\n<div class=\"post_detail single_post\">\n\t\t\t\t    <span class=\"post_info_date\"><br \/>\n\t\t\t\t    \t<a href=\"https:\/\/sylwiatravel.com\/pl\/teczowe-gory-w-cuzco-aklimatyzacja\/\" title=\"T\u0119czowe g\u00f3ry w Cuzco aklimatyzacja\">August 31, 2022<\/a><br \/>\n\t\t\t\t    <\/span>\n\t\t\t\t<\/div>\n<h6><a href=\"https:\/\/sylwiatravel.com\/pl\/teczowe-gory-w-cuzco-aklimatyzacja\/\" title=\"T\u0119czowe g\u00f3ry w Cuzco aklimatyzacja\">T\u0119czowe g\u00f3ry w Cuzco aklimatyzacja<\/a><\/h6>\n<\/p><\/div>\n<p>Cuzco to jedno z najpi\u0119kniejszych miast w Peru i jednocze\u015bnie najbardziej malowniczy&#8230;<\/p>\n<div class=\"post_button_wrapper\">\n\t\t\t    \t<a class=\"readmore\" href=\"https:\/\/sylwiatravel.com\/pl\/teczowe-gory-w-cuzco-aklimatyzacja\/\">Read More<span class=\"ti-angle-right\"><\/span><\/a>\n\t\t\t\t\t<\/div>\n<\/p><\/div>\n<\/p><\/div>\n<\/p><\/div>\n<div id=\"post-19032\" class=\"post type-post hentry status-publish last\">\n<div class=\"post_wrapper grid_layout\">\n<div class=\"post_img small static\">\n\t\t    \t    \t<a href=\"https:\/\/sylwiatravel.com\/pl\/jezioro-titicaca-wycieczki-kajakowe\/\"><br \/>\n\t\t    \t    \t\t<img decoding=\"async\" src=\"https:\/\/sylwiatravel.com\/wp-content\/uploads\/2022\/08\/Jezioro-Titicaca-Wycieczki-Kajakowe-960x636.jpg\" alt=\"Jezioro Titicaca wycieczki kajakowe, opcja na dodatkow\u0105 adrenalin\u0119 w Peru!\" class=\"\"\/><br \/>\n\t\t                <\/a>\n\t\t    \t    <\/div>\n<div class=\"post_header_wrapper\">\n<div class=\"post_header grid\">\n<div class=\"post_detail single_post\">\n\t\t\t\t    <span class=\"post_info_date\"><br \/>\n\t\t\t\t    \t<a href=\"https:\/\/sylwiatravel.com\/pl\/jezioro-titicaca-wycieczki-kajakowe\/\" title=\"Jezioro Titicaca wycieczki kajakowe, opcja na dodatkow\u0105 adrenalin\u0119 w Peru!\">August 29, 2022<\/a><br \/>\n\t\t\t\t    <\/span>\n\t\t\t\t<\/div>\n<h6><a href=\"https:\/\/sylwiatravel.com\/pl\/jezioro-titicaca-wycieczki-kajakowe\/\" title=\"Jezioro Titicaca wycieczki kajakowe, opcja na dodatkow\u0105 adrenalin\u0119 w Peru!\">Jezioro Titicaca wycieczki kajakowe, opcja na dodatkow\u0105 adrenalin\u0119 w Peru!<\/a><\/h6>\n<\/p><\/div>\n<p>Wi\u0119kszo\u015b\u0107 turyst\u00f3w odwiedzaj\u0105cych jezioro Titicaca udaje si\u0119 na wyspy p\u0142ywaj\u0105ce&#8230;<\/p>\n<div class=\"post_button_wrapper\">\n\t\t\t    \t<a class=\"readmore\" href=\"https:\/\/sylwiatravel.com\/pl\/jezioro-titicaca-wycieczki-kajakowe\/\">Read More<span class=\"ti-angle-right\"><\/span><\/a>\n\t\t\t\t\t<\/div>\n<\/p><\/div>\n<\/p><\/div>\n<\/p><\/div>\n<\/div>\n<\/div>\n<\/div>\n<\/div>\n<\/div>\n<\/div>\n","protected":false},"excerpt":{"rendered":"<p>Inspiracje Peru, Boliwia i Kolumbia Z zami\u0142owania do przygody i tego co unikalne Any MonthJanuaryFebruaryMarchAprilMayJuneJulyAugustSeptemberOctoberNovemberDecember Sort By DatePrice Low to HighPrice High to LowSort By NameSort By PopularitySort By Review Score All CategoriesTrampingWycieczka do Peru &#8211; NajpopularniejszeWycieczka do Peru TrekkingoweWycieczki [&hellip;]<\/p>\n","protected":false},"author":1,"featured_media":7467,"parent":0,"menu_order":0,"comment_status":"closed","ping_status":"closed","template":"","meta":{"footnotes":""},"class_list":["post-22410","page","type-page","status-publish","has-post-thumbnail","hentry"],"_links":{"self":[{"href":"https:\/\/sylwiatravel.com\/pl\/wp-json\/wp\/v2\/pages\/22410","targetHints":{"allow":["GET"]}}],"collection":[{"href":"https:\/\/sylwiatravel.com\/pl\/wp-json\/wp\/v2\/pages"}],"about":[{"href":"https:\/\/sylwiatravel.com\/pl\/wp-json\/wp\/v2\/types\/page"}],"author":[{"embeddable":true,"href":"https:\/\/sylwiatravel.com\/pl\/wp-json\/wp\/v2\/users\/1"}],"replies":[{"embeddable":true,"href":"https:\/\/sylwiatravel.com\/pl\/wp-json\/wp\/v2\/comments?post=22410"}],"version-history":[{"count":9,"href":"https:\/\/sylwiatravel.com\/pl\/wp-json\/wp\/v2\/pages\/22410\/revisions"}],"predecessor-version":[{"id":23136,"href":"https:\/\/sylwiatravel.com\/pl\/wp-json\/wp\/v2\/pages\/22410\/revisions\/23136"}],"wp:featuredmedia":[{"embeddable":true,"href":"https:\/\/sylwiatravel.com\/pl\/wp-json\/wp\/v2\/media\/7467"}],"wp:attachment":[{"href":"https:\/\/sylwiatravel.com\/pl\/wp-json\/wp\/v2\/media?parent=22410"}],"curies":[{"name":"wp","href":"https:\/\/api.w.org\/{rel}","templated":true}]}}