{"id":18185,"date":"2022-03-23T11:02:35","date_gmt":"2022-03-23T10:02:35","guid":{"rendered":"https:\/\/sylwiatravel.com\/?page_id=18185"},"modified":"2025-03-06T14:21:42","modified_gmt":"2025-03-06T13:21:42","slug":"dlaczego-wyprawy-z-nami","status":"publish","type":"page","link":"https:\/\/sylwiatravel.com\/pl\/dlaczego-wyprawy-z-nami\/","title":{"rendered":"Dlaczego wyprawy z nami"},"content":{"rendered":"\r\n<h2 class=\"wp-block-heading\">Marzysz o wyprawie do Ameryki Po\u0197udniowej?<\/h2>\r\n\r\n\r\n\r\n<p>Sprawd\u017a dlaczego warto podr\u00f3\u017cowa\u0107 z nami<\/p>\r\n\r\n\r\n\r\n<p>Podr\u00f3\u017cowanie z pasj\u0105 to co\u015b, co ci\u0119\u017cko opisa\u0107, to po prostu trzeba prze\u017cy\u0107! Je\u017celi pragniesz odwiedzi\u0107 Peru, Boliwi\u0119 lub Kolumbi\u0119 i zrealizowa\u0107 wakacje dok\u0142adnie w taki spos\u00f3b, w jaki lubisz, skorzystaj z naszej\u00a0bogatej oferty. Z przyjemno\u015bci\u0105 przygotujemy dla Ciebie wyj\u0105tkow\u0105, bowiem dostosowan\u0105 do Twoich potrzeb, upodoba\u0144 i mo\u017cliwo\u015bci, wypraw\u0119!<\/p>\r\n\r\n\r\n\r\n<h2 class=\"wp-block-heading\">Co nas wyr\u00f3\u017cnia?<\/h2>\r\n\r\n\r\n\r\n<p>Zawsze stawiamy na innowacyjne programy, szlaki, po\u0142\u0105czenia tras. Wierzymy, \u017ce czytaj\u0105c nasz blog oraz propozycje wycieczek dostrzegacie wiele pozytywnych odmienno\u015bci. Kilka najwa\u017cniejszych punkt\u00f3w, w kt\u00f3rych pragniemy zawsze si\u0119 wyr\u00f3\u017cnia\u0107 i kt\u00f3re nieustannie b\u0119dziemy jeszcze bardziej upi\u0119ksza\u0107, znajdziesz poni\u017cej!<\/p>\r\n\r\n\r\n\r\n<h2 class=\"wp-block-heading\">Skontaktuj si\u0119 z nami teraz:<\/h2>\r\n\r\n\r\n\r\n<div class=\"wp-block-contact-form-7-contact-form-selector\">\n<div class=\"wpcf7 no-js\" id=\"wpcf7-f8021-o1\" lang=\"en-US\" dir=\"ltr\" data-wpcf7-id=\"8021\">\n<div class=\"screen-reader-response\"><p role=\"status\" aria-live=\"polite\" aria-atomic=\"true\"><\/p> <ul><\/ul><\/div>\n<form action=\"\/pl\/wp-json\/wp\/v2\/pages\/18185#wpcf7-f8021-o1\" method=\"post\" class=\"wpcf7-form init\" aria-label=\"Contact form\" novalidate=\"novalidate\" data-status=\"init\">\n<fieldset class=\"hidden-fields-container\"><input type=\"hidden\" name=\"_wpcf7\" value=\"8021\" \/><input type=\"hidden\" name=\"_wpcf7_version\" value=\"6.1.5\" \/><input type=\"hidden\" name=\"_wpcf7_locale\" value=\"en_US\" \/><input type=\"hidden\" name=\"_wpcf7_unit_tag\" value=\"wpcf7-f8021-o1\" \/><input type=\"hidden\" name=\"_wpcf7_container_post\" value=\"0\" \/><input type=\"hidden\" name=\"_wpcf7_posted_data_hash\" value=\"\" \/><input type=\"hidden\" name=\"_wpcf7dtx_version\" value=\"5.0.5\" \/>\n<\/fieldset>\n<p>Twoje Imi\u0119 (wymagane)\n<\/p>\n<p><span class=\"wpcf7-form-control-wrap\" data-name=\"your-name\"><input size=\"40\" maxlength=\"400\" class=\"wpcf7-form-control wpcf7-text wpcf7-validates-as-required\" aria-required=\"true\" aria-invalid=\"false\" value=\"\" type=\"text\" name=\"your-name\" \/><\/span>\n<\/p>\n<p>Tw\u00f3j Email (wymagane)\n<\/p>\n<p><span class=\"wpcf7-form-control-wrap\" data-name=\"your-email\"><input size=\"40\" maxlength=\"400\" class=\"wpcf7-form-control wpcf7-email wpcf7-validates-as-required wpcf7-text wpcf7-validates-as-email\" aria-required=\"true\" aria-invalid=\"false\" value=\"\" type=\"email\" name=\"your-email\" \/><\/span>\n<\/p>\n<p>Liczba uczetnik\u00f3w:<br \/>\n<span class=\"wpcf7-form-control-wrap\" data-name=\"number-pax\"><input size=\"40\" maxlength=\"400\" class=\"wpcf7-form-control wpcf7-text\" aria-invalid=\"false\" placeholder=\"1 person\" value=\"\" type=\"text\" name=\"number-pax\" \/><\/span>\n<\/p>\n<p>Data wycieczki:<br \/>\n<span class=\"wpcf7-form-control-wrap\" data-name=\"date-701\"><input class=\"wpcf7-form-control wpcf7-date wpcf7-validates-as-required wpcf7-validates-as-date\" aria-required=\"true\" aria-invalid=\"false\" value=\"\" type=\"date\" name=\"date-701\" \/><\/span>\n<\/p>\n<p>Twoja wiadomo\u015b\u0107\n<\/p>\n<p><span class=\"wpcf7-form-control-wrap\" data-name=\"your-message\"><textarea cols=\"40\" rows=\"10\" maxlength=\"2000\" class=\"wpcf7-form-control wpcf7-textarea\" aria-invalid=\"false\" name=\"your-message\"><\/textarea><\/span>\n<\/p>\n<p><input class=\"wpcf7-form-control wpcf7-submit has-spinner\" type=\"submit\" value=\"Wy\u015blij\" \/>\n<\/p><div class=\"wpcf7-response-output\" aria-hidden=\"true\"><\/div>\n<\/form>\n<\/div>\n<\/div>\r\n\r\n\r\n\r\n<blockquote class=\"wp-block-quote is-layout-flow wp-block-quote-is-layout-flow\">\r\n<p><strong>\u015aWIAT POZNAJEMY ZA POMOC\u0104 5-CIU ZMYS\u0141\u00d3W<\/strong><\/p>\r\n<\/blockquote>\r\n\r\n\r\n\r\n<p>Odkrywanie \u015bwiata za pomoc\u0105 5 zmys\u0142\u00f3w \u2013 to cykl wypraw, kt\u00f3ry ju\u017c od d\u0142u\u017cszego czasu promujemy i wcielamy w \u017cycie. Co wyr\u00f3\u017cnia ten styl podr\u00f3\u017cowania? Poszczeg\u00f3lne dni wyprawy charakteryzuj\u0105 si\u0119 typowo lokalnym zapachem lub smakiem (albo zapachami i smakami), kt\u00f3re s\u0105 najbardziej charakterystyczne i cz\u0119sto unikalne na skal\u0119 \u015bwiatow\u0105, w miejscach odkrywanych przez uczestnik\u00f3w.<\/p>\r\n\r\n\r\n\r\n<p>Nie tylko zatem poznajemy \u015bwi\u0105t, atrakcje miejsca wzrokiem i s\u0142uchem, ale tak\u017ce odkrywamy wszystko, co mo\u017cliwe za pomoc\u0105 zmys\u0142u smaku, zapachu oraz dotyku. Je\u017celi interesuj\u0105 Was nie tylko krajobrazy, atrakcje, ale dodatkowo tak\u017ce najbardziej oryginalne smaki i zapachy, podczas naszych wypraw dostaniecie to wszystko w jednym pakiecie. Nie ma bowiem nic pi\u0119kniejszego, jak odkrywanie nowych kraj\u00f3w nie tylko poprzez ogl\u0105danie i podziwianie widok\u00f3w, czy s\u0142uchanie ciekawostek opowiadanych przez przewodnik\u00f3w, ale r\u00f3wnie\u017c poprzez poznawanie wszystkiego przez dotyk, zapach i smak.<\/p>\r\n\r\n\r\n\r\n<p>Masz ochot\u0119 na wypraw\u0119 z tego cyklu, koniecznie daj nam zna\u0107.<\/p>\r\n\r\n\r\n\r\n<blockquote class=\"wp-block-quote is-layout-flow wp-block-quote-is-layout-flow\">\r\n<p><strong>TWORZYMY UNIKALNE PROGRAMY<\/strong><\/p>\r\n<\/blockquote>\r\n\r\n\r\n\r\n<p>Poza standardowymi, najpopularniejszymi atrakcjami, nasze programy zawieraj\u0105 maksymaln\u0105 ilo\u015b\u0107 atrakcji, kt\u00f3rych nie znajdziecie w przewodniku, ani te\u017c w jakimkolwiek innym programie.<\/p>\r\n\r\n\r\n\r\n<p>Nasza ekipa to lokalni pasjonaci. Znamy Peru z wielu perspektyw, mamy niezwykle du\u017co mo\u017cliwo\u015bci, by znale\u017a\u0107 i zaoferowa\u0107 trasy inne ni\u017c klasyczne wycieczki turystyczne. Stawiamy na same pere\u0142ki, kt\u00f3re zdecydowanie warte s\u0105 poznania, zar\u00f3wno z uwagi na ich unikalno\u015b\u0107 na skal\u0119 \u015bwiatow\u0105, jak i pi\u0119kno w og\u00f3le. Proponujemy Wam zawsze to, co najlepsze (a nie to, co \u0142atwo zorganizowa\u0107, \u0142atwo zrealizowa\u0107), bowiem nieustannie przemierzamy ten kraj w poszukiwaniu najlepszych i najciekawszych szlak\u00f3w, tras i miejsc.<\/p>\r\n\r\n\r\n\r\n<p>Pragniesz poza standardowymi atrakcjami, pozna\u0107 Peru z mniej turystycznej strony, o kt\u00f3rej jeszcze nikt si\u0119 nie rozpisuje? Dobrze trafi\u0142e\u015b!<\/p>\r\n\r\n\r\n\r\n<blockquote class=\"wp-block-quote is-layout-flow wp-block-quote-is-layout-flow\">\r\n<p><strong>KORZYSTAMY TYLKO ZE SPRAWDZONYCH NOCLEG\u00d3W<\/strong><\/p>\r\n<\/blockquote>\r\n\r\n\r\n\r\n<p>Nasze noclegi nie s\u0105 przypadkowe. S\u0105 starannie dobierane do poszczeg\u00f3lnych atrakcji na trasie, do poszczeg\u00f3lnej trasy, tak by znajdowa\u0142y si\u0119 w najbardziej strategicznym miejscu z uwagi na to, co robimy danego dnia, jak te\u017c dnia kolejnego.<\/p>\r\n\r\n\r\n\r\n<p>W trakcie wypraw korzystamy ze sprawdzonych hostali, oraz podczas niekt\u00f3rych nocleg\u00f3w z hoteli (3 gwiazdki, standard peruwia\u0144ski) \u2013 w zale\u017cno\u015bci od wybranego pakietu. W wielu rodzajach wypraw, mo\u017cna samemu dopasowa\u0107 sobie nocleg, do standardu, w kt\u00f3rym pragnie si\u0119 podr\u00f3\u017cowa\u0107. Jeste\u015bmy bardzo elastyczni!<\/p>\r\n\r\n\r\n\r\n<blockquote class=\"wp-block-quote is-layout-flow wp-block-quote-is-layout-flow\">\r\n<p><strong>OFERUJEMY NOCLEGI U LOKALNYCH MIESZKA\u0143C\u00d3W AND\u00d3W I W D\u017bUNGLI<\/strong><\/p>\r\n<\/blockquote>\r\n\r\n\r\n\r\n<p>Zawsze staramy si\u0119, by uczestnicy naszych wypraw mieli jak najwi\u0119cej okazji do przebywania z lokalnymi mieszka\u0144cami. Dlatego te\u017c podczas naszych wypraw (tam gdzie to mo\u017cliwe) mamy dla Was propozycj\u0119 jednego lub kilku nocleg\u00f3w u zaprzyja\u017anionych z nami lokalnych rodzin: w wioskach andyjskich w regionie Cusco, nad jeziorem Titicaca lub w zag\u0142\u0119biu najlepszej peruwia\u0144skiej kawy w regionie Chanchamayo, jak te\u017c w dolinie Colca. Odkrywamy peruwia\u0144ski \u015bwiat dos\u0142ownie od kuchni!<\/p>\r\n\r\n\r\n\r\n<p>Jest to jedna z najlepszych form, by na 100% pozna\u0107 odwiedzany kraj, jego zwyczaje, codzienne \u017cycie.<\/p>\r\n\r\n\r\n\r\n<blockquote class=\"wp-block-quote is-layout-flow wp-block-quote-is-layout-flow\">\r\n<p><strong>WSPOMAGAMY LOKALNE SPO\u0141ECZNO\u015aCI<\/strong><\/p>\r\n<\/blockquote>\r\n\r\n\r\n\r\n<p>Nasze biuro podr\u00f3\u017cy mie\u015bci si\u0119 w sercu dawnego inkaskiego imperium, tj w Cusco. Na co dzie\u0144 mamy styczno\u015b\u0107 z andyjskimi spo\u0142eczno\u015bciami. Zar\u00f3wno w regionie Cusco, Puno, jak i Arequipa pracujemy z wieloma z nich. Dzi\u0119ki tej wsp\u00f3\u0142pracy uczestnicy naszych wypraw, maj\u0105 niepowtarzaln\u0105 okazj\u0119 zetkn\u0105\u0107 si\u0119 z realnym \u015bwiatem, pozna\u0107 to co najbardziej lokalne, wej\u015b\u0107 do lokalnych dom\u00f3w oraz wspom\u00f3c wiele konkretnych rodzin. Pomoc ta wyra\u017ca si\u0119 poprzez wyb\u00f3r wypraw, w trakcie kt\u00f3rych oferujemy noclegi u lokalnych mieszka\u0144c\u00f3w, czy poprzez wsp\u00f3lne z nimi posi\u0142ki, jak te\u017c przez realizacj\u0119 z nami trekking\u00f3w po Andach, podczas kt\u00f3rych zar\u00f3wno kucharze jak te\u017c transport konny lub z lamami, organizowany jest przez spo\u0142eczno\u015bci andyjskie, przez kt\u00f3rych tereny przebiegaj\u0105 szlaki trekkingowe.<\/p>\r\n\r\n\r\n\r\n<p>Wsp\u00f3\u0142pracujemy tak\u017ce z wieloma lokalnymi szko\u0142ami, dzi\u0119ki czemu uczestnicy naszych wypraw maj\u0105 szans\u0119 wzi\u0105\u0107 udzia\u0142 w prawdziwych lekcjach, mog\u0105 osobi\u015bcie i w praktyce zobaczy\u0107 jak wygl\u0105da system edukacji w Peru oraz mog\u0105 przeprowadzi\u0107 lekcj\u0119 lokaln\u0105 z naszym zespo\u0142em i nauczycielem danej szko\u0142y. Ta opcja wspaniale sprawdza si\u0119 przede wszystkim podczas wakacji rodzinnych. M\u0142odzi podr\u00f3\u017cnicy maj\u0105 w\u00f3wczas unikaln\u0105 szans\u0119 pozna\u0107 prawdziwe realia peruwia\u0144skich r\u00f3wie\u015bnik\u00f3w, maj\u0105 okazj\u0119 pouczy\u0107 si\u0119 wsp\u00f3lnie z lokalnymi dzie\u0107mi.<\/p>\r\n\r\n\r\n\r\n<p>Wspomagamy takze najbiedniejsze rodziny, skzoly i domy dziecka oraz lokalne szpitale. Je\u017celi ktokolwiek z naszych uczestnik\u00f3w ma ch\u0119\u0107 podzieli\u0107 si\u0119 czym\u015b, podarowa\u0107 co\u015b innym, zapraszamy do tej wsp\u00f3\u0142pracy. W ramach jej realizacji organizujemy spotkania z poszczeg\u00f3lnymi o\u015brodkami, cz\u0119sto tez realizujemy wsp\u00f3lne zaj\u0119cia, w tym mecze np pi\u0142ki no\u017cnej.<\/p>\r\n\r\n\r\n\r\n<blockquote class=\"wp-block-quote is-layout-flow wp-block-quote-is-layout-flow\">\r\n<p><strong>ZWIEDZAMY \u015aWIAT W MA\u0141YCH GRUPACH<\/strong><\/p>\r\n<\/blockquote>\r\n\r\n\r\n\r\n<p>Wszystkie wyprawy grupowe realizujemy w ma\u0142ych grupach maksymalnie do 6 &#8211; 8 os\u00f3b, niekt\u00f3re wyprawy max do 12 os\u00f3b. Pozwala to na dotarcie r\u00f3wnie\u017c do takich miejsc, do kt\u00f3rych wi\u0119ksze grupy nie maj\u0105 wst\u0119pu z uwagi na trudno\u015bci logistyczne i organizacyjne.<\/p>\r\n\r\n\r\n\r\n<p>Z wyprawami grupowymi startujemy, gdy zg\u0142osi si\u0119 co najmniej 2 uczestnik\u00f3w, przy czym je\u017celi nie zg\u0142osi si\u0119 wi\u0119ksza liczba uczestnik\u00f3w, cena takiej wyprawy b\u0119dzie wy\u017csza i ustalana oddzielnie, ewentualnie program b\u0119dzie nieco modyfikowany, by wzrost ceny by\u0142 jak najmniejszy.<\/p>\r\n\r\n\r\n\r\n<p>Z wyprawami prywatnymi startujemy z ka\u017cd\u0105 ilo\u015bci\u0105 os\u00f3b i w ka\u017cdym czasie!<\/p>\r\n\r\n\r\n\r\n<blockquote class=\"wp-block-quote is-layout-flow wp-block-quote-is-layout-flow\">\r\n<p><strong>ZAWSZE MAMY MAKSYMALN\u0104 \u2013 MEGA ILO\u015a\u0106 ATRAKCJI<\/strong><\/p>\r\n<\/blockquote>\r\n\r\n\r\n\r\n<p>By przygotowa\u0107 dobry plan trzeba bardzo dobrze zna\u0107 logistyk\u0119 danego kraju. My znamy j\u0105 doskonale, bowiem na co dzie\u0144 w nim mieszkamy. Dzi\u0119ki temu wiemy, jak zaoszcz\u0119dzi\u0107 czas, by zobaczy\u0107 wi\u0119cej atrakcji, jak je po\u0142\u0105czy\u0107, by nie traci\u0107 czasu na zb\u0119dne przejazdy.<\/p>\r\n\r\n\r\n\r\n<p>Zdajemy sobie spraw\u0119 z tego, \u017ce jak ju\u017c si\u0119 przylatuje do Peru, ka\u017cdy pragnie maksymalnie zagospodarowa\u0107 i wykorzysta\u0107 sw\u00f3j pobyt. Dlatego te\u017c proponujemy tylko to, co najpi\u0119kniejsze. Nic po\u015bredniego!<\/p>\r\n\r\n\r\n\r\n<blockquote class=\"wp-block-quote is-layout-flow wp-block-quote-is-layout-flow\">\r\n<p><strong>TRANSPORT DOPASOWUJEMY DO CHARAKTERU WYPRAWY<\/strong><\/p>\r\n<\/blockquote>\r\n\r\n\r\n\r\n<p>Podczas wszystkich naszych wycieczek korzystamy z dw\u00f3ch typ\u00f3w transportu: lokalnego oraz prywatnego.<\/p>\r\n\r\n\r\n\r\n<p><em><strong>Dlaczego transport prywatny?<\/strong><\/em><\/p>\r\n\r\n\r\n\r\n<p>Peru to kraj wymagaj\u0105cy dobrej logistyki, dok\u0142adnego przemy\u015blenia ca\u0142ej trasy. W przeciwnym razie sporo mo\u017cna si\u0119 naje\u017adzi\u0107 i nam\u0119czy\u0107, a w rzeczywisto\u015bci ma\u0197o zobaczy\u0107. Jak si\u0119 wszystko zgra i wykorzysta na odpowiednich odcinkach trasy prywatny \u015brodek transportu, ilo\u015b\u0107 zwiedzanych atrakcji wzrasta nawet o 40% \u2013 50%, a przy okazji zaoszcz\u0119dza si\u0119 cenny czas! Owy zaoszcz\u0119dzony czas rzecz jasna wykorzystujemy na kolejne atrakcje!<\/p>\r\n\r\n\r\n\r\n<p><em><strong>Dlaczego transport lokalny?<\/strong><\/em><\/p>\r\n\r\n\r\n\r\n<p>S\u0105 pewne odcinki, kt\u00f3re spokojnie mo\u017cna przemierza\u0107 transportem lokalnym, albo wysokiej jako\u015bci autobusami dalekobie\u017cnymi (na d\u0142ugich odcinkach) albo transportem miejskim (na bardzo kr\u00f3tkich odcinkach, w miastach), co nie wp\u0142ywa na ograniczenie ilo\u015bci odwiedzanych miejsc oraz na komfort. Zatem korzystamy z tej opcji. Dzi\u0119ki niej mo\u017cemy pokaza\u0107 Wam jak dzia\u0197a system lokalnego transportu w Peru.<br \/>Dla mi\u0142o\u015bnik\u00f3w za\u015b szutrowych tras mamy wyj\u0105tkowe opcje wypraw 4\u00d74 off road po Peru.<\/p>\r\n\r\n\r\n\r\n<blockquote class=\"wp-block-quote is-layout-flow wp-block-quote-is-layout-flow\">\r\n<p><strong>WSPARCIE PRZED WYPRAW\u0104<\/strong><\/p>\r\n<\/blockquote>\r\n\r\n\r\n\r\n<p>Okres przygotowa\u0144 do wyprawy to bardzo cz\u0119sto moment licznych w\u0105tpliwo\u015bci. Dlatego te\u017c zawsze mo\u017cesz do nas napisa\u0107, zapyta\u0107, a nasz zesp\u00f3\u0142 pomo\u017ce Ci je wszystkie rozwia\u0107. Pami\u0119taj jednak, \u017ce bezp\u0142atnie udzielamy porad w zakresie przygotowywania si\u0119 do wycieczki wykupionej z nami. W innych sytuacjach, je\u017celi chcesz uzyska\u0107 bezp\u0142atn\u0105 porad\u0119 dotycz\u0105c\u0105 Peru, pozostaw prosz\u0119 pytanie na naszym blogu, pod artyku\u0142em najbardziej podobnych do tematu pytania.<\/p>\r\n\r\n\r\n\r\n<blockquote class=\"wp-block-quote is-layout-flow wp-block-quote-is-layout-flow\">\r\n<p><strong>JESTE\u015aMY BARDZO ELASTYCZNI<\/strong><\/p>\r\n<\/blockquote>\r\n\r\n\r\n\r\n<p>Ka\u017cdy ma inne potrzeby, mo\u017cliwo\u015bci fizyczne, finansowe, inne upodobania oraz marzenia. W zwi\u0105zku z tym maksymalnie jak to mo\u017cliwe, stawiamy na elastyczno\u015b\u0107. Je\u017celi nie wiesz jak zorganizowa\u0107 sobie jakikolwiek fragment wyprawy w Peru, je\u017celi nie jeste\u015b pewien, czy w og\u00f3le chcesz organizowa\u0107 sobie wyjazd sam, czy z pomoc\u0105 profesjonalist\u00f3w, jak te\u017c w jakim ewentualnie zakresie, napisz do nas, pomo\u017cemy w wyborze najlepszej dla Ciebie opcji wsp\u00f3\u0142pracy.<\/p>\r\n\r\n\r\n\r\n<p>&nbsp;<\/p>\r\n\r\n\r\n\r\n<p>Zapraszamy serdecznie!<\/p>\r\n","protected":false},"excerpt":{"rendered":"<p>Marzysz o wyprawie do Ameryki Po\u0197udniowej? Sprawd\u017a dlaczego warto podr\u00f3\u017cowa\u0107 z nami Podr\u00f3\u017cowanie z pasj\u0105 to co\u015b, co ci\u0119\u017cko opisa\u0107, to po prostu trzeba prze\u017cy\u0107! Je\u017celi pragniesz odwiedzi\u0107 Peru, Boliwi\u0119 lub Kolumbi\u0119 i zrealizowa\u0107 wakacje dok\u0142adnie w taki spos\u00f3b, w [&hellip;]<\/p>\n","protected":false},"author":8,"featured_media":0,"parent":0,"menu_order":0,"comment_status":"closed","ping_status":"closed","template":"","meta":{"footnotes":""},"class_list":["post-18185","page","type-page","status-publish","hentry"],"_links":{"self":[{"href":"https:\/\/sylwiatravel.com\/pl\/wp-json\/wp\/v2\/pages\/18185","targetHints":{"allow":["GET"]}}],"collection":[{"href":"https:\/\/sylwiatravel.com\/pl\/wp-json\/wp\/v2\/pages"}],"about":[{"href":"https:\/\/sylwiatravel.com\/pl\/wp-json\/wp\/v2\/types\/page"}],"author":[{"embeddable":true,"href":"https:\/\/sylwiatravel.com\/pl\/wp-json\/wp\/v2\/users\/8"}],"replies":[{"embeddable":true,"href":"https:\/\/sylwiatravel.com\/pl\/wp-json\/wp\/v2\/comments?post=18185"}],"version-history":[{"count":15,"href":"https:\/\/sylwiatravel.com\/pl\/wp-json\/wp\/v2\/pages\/18185\/revisions"}],"predecessor-version":[{"id":21055,"href":"https:\/\/sylwiatravel.com\/pl\/wp-json\/wp\/v2\/pages\/18185\/revisions\/21055"}],"wp:attachment":[{"href":"https:\/\/sylwiatravel.com\/pl\/wp-json\/wp\/v2\/media?parent=18185"}],"curies":[{"name":"wp","href":"https:\/\/api.w.org\/{rel}","templated":true}]}}