{"id":13886,"date":"2019-02-19T10:49:41","date_gmt":"2019-02-19T15:49:41","guid":{"rendered":"https:\/\/sylwiatravel.com\/contact\/"},"modified":"2025-10-26T18:58:07","modified_gmt":"2025-10-26T17:58:07","slug":"kontakt","status":"publish","type":"page","link":"https:\/\/sylwiatravel.com\/pl\/kontakt\/","title":{"rendered":"Kontakt"},"content":{"rendered":"<div class=\"one withsmallpadding ppb_text\" style=\"text-align: center; padding: 40px 0 40px 0; margin-top: 20px;\">\n<div class=\"standard_wrapper\">\n<div class=\"page_content_wrapper\">\n<div class=\"inner\">\n<div style=\"margin: auto; width: 100%;\">\n<p style=\"text-align: center;\">Jeste\u015bmy oficjalnym organizatorem wycieczek<\/p>\n<p style=\"text-align: center;\">zarejestrowanym w Rejestrze Organizator\u00f3w Turystyki i Przedsi\u0119biorc\u00f3w U\u0142atwiaj\u0105cych Nabywanie Powi\u0105zanych Us\u0142ug Turystycznych prowadzonym przez Marsza\u0142ka Wojew\u00f3dztwa Podlaskiego pod nr 2\/2024.<\/p>\n<\/div>\n<p>Posiadamy Gwarancj\u0119 Ubezpieczeniow\u0105 wystawion\u0105 przez TU Europa.<\/p>\n<p><strong>Dane firmy:<\/strong> Samimunay Sp. z o.o.\u00a0 z siedzib\u0105 w G\u0105s\u00f3wka &#8211; Osse 74, 18-100 \u0141apy, woj. podlaskie<\/p>\n<p><strong>Numer telefonu:<\/strong> +48 664882019<br \/>\n<strong>Email:<\/strong> infosamimunay@gmail.com<\/p>\n<div style=\"margin: auto; width: 100%;\">\n<blockquote class=\"wp-embedded-content\" data-secret=\"PURYspee2S\"><p><a href=\"https:\/\/samimunay.com\/\" target=\"_blank\" rel=\"noopener\">Z pasji do przyg\u00f3d<\/a><\/p><\/blockquote>\n<div style=\"margin-top: 30px;\">\n<div class=\"social_wrapper shortcode dark \">\n<ul>\n<li class=\"facebook\"><\/li>\n<li class=\"twitter\"><\/li>\n<li class=\"youtube\"><\/li>\n<li class=\"google\"><\/li>\n<li class=\"pinterest\"><\/li>\n<li class=\"instagram\"><\/li>\n<\/ul>\n<\/div>\n<\/div>\n<\/div>\n<\/div>\n<\/div>\n<\/div>\n<\/div>\n<div class=\"standard_wrapper\">\n<div class=\"ppb_contact_sidebar one withsmallpadding\" style=\"padding: 40px 0 40px 0;\">\n<div class=\"page_content_wrapper\">\n<div class=\"inner\">\n<div class=\"inner_wrapper\">\n<div class=\"sidebar_content \">\n<div class=\"contact_form7_wrapper\">\n<div id=\"wpcf7-f8021-o1\" class=\"wpcf7 no-js\" dir=\"ltr\" lang=\"en-US\" data-wpcf7-id=\"8021\">\n<div class=\"screen-reader-response\">\n<p role=\"status\" aria-live=\"polite\" aria-atomic=\"true\">\n<\/div>\n<form class=\"wpcf7-form init\" action=\"\/wp-admin\/post.php#wpcf7-f8021-o1\" method=\"post\" novalidate=\"novalidate\" aria-label=\"Contact form\" data-status=\"init\">\n<div style=\"display: none;\"><input name=\"_wpcf7\" type=\"hidden\" value=\"8021\" \/><br \/>\n<input name=\"_wpcf7_version\" type=\"hidden\" value=\"6.0.5\" \/><br \/>\n<input name=\"_wpcf7_locale\" type=\"hidden\" value=\"en_US\" \/><br \/>\n<input name=\"_wpcf7_unit_tag\" type=\"hidden\" value=\"wpcf7-f8021-o1\" \/><br \/>\n<input name=\"_wpcf7_container_post\" type=\"hidden\" value=\"0\" \/><br \/>\n<input name=\"_wpcf7_posted_data_hash\" type=\"hidden\" value=\"\" \/><br \/>\n<input name=\"_wpcf7dtx_version\" type=\"hidden\" value=\"5.0.3\" \/><\/div>\n<p>Twoje Imi\u0119 (wymagane)<\/p>\n<p><span class=\"wpcf7-form-control-wrap\" data-name=\"your-name\"><input class=\"wpcf7-form-control wpcf7-text wpcf7-validates-as-required\" maxlength=\"400\" name=\"your-name\" size=\"40\" type=\"text\" value=\"\" aria-required=\"true\" aria-invalid=\"false\" \/><\/span><\/p>\n<p>Tw\u00f3j Email (wymagane)<\/p>\n<p><span class=\"wpcf7-form-control-wrap\" data-name=\"your-email\"><input class=\"wpcf7-form-control wpcf7-email wpcf7-validates-as-required wpcf7-text wpcf7-validates-as-email\" maxlength=\"400\" name=\"your-email\" size=\"40\" type=\"email\" value=\"\" aria-required=\"true\" aria-invalid=\"false\" \/><\/span><\/p>\n<p>Liczba uczestnik\u00f3w:<br \/>\n<span class=\"wpcf7-form-control-wrap\" data-name=\"number-pax\"><input class=\"wpcf7-form-control wpcf7-text\" maxlength=\"400\" name=\"number-pax\" size=\"40\" type=\"text\" value=\"\" placeholder=\"1 person\" aria-invalid=\"false\" \/><\/span><\/p>\n<p><span id=\"wpcf7-67e678ea64664-wrapper\" class=\"wpcf7-form-control-wrap protegiendo-693-wrap\" style=\"display: none !important; visibility: hidden !important;\"><label class=\"hp-message\" for=\"wpcf7-67e678ea64664-field\">Please leave this field empty.<\/label><input id=\"wpcf7-67e678ea64664-field\" class=\"wpcf7-form-control wpcf7-text\" tabindex=\"-1\" autocomplete=\"new-password\" name=\"protegiendo-693\" size=\"40\" type=\"text\" value=\"\" \/><\/span><\/p>\n<p>Data wycieczki:<br \/>\n<span class=\"wpcf7-form-control-wrap\" data-name=\"date-701\"><input class=\"wpcf7-form-control wpcf7-date wpcf7-validates-as-required wpcf7-validates-as-date\" name=\"date-701\" type=\"date\" value=\"\" aria-required=\"true\" aria-invalid=\"false\" \/><\/span><\/p>\n<p>Twoja wiadomo\u015b\u0107<\/p>\n<p><span class=\"wpcf7-form-control-wrap\" data-name=\"your-message\"><textarea class=\"wpcf7-form-control wpcf7-textarea\" cols=\"40\" maxlength=\"2000\" name=\"your-message\" rows=\"10\" aria-invalid=\"false\"><\/textarea><\/span><\/p>\n<p><input class=\"wpcf7-form-control wpcf7-submit has-spinner\" type=\"submit\" value=\"Wy\u015blij\" \/><\/p>\n<div class=\"wpcf7-response-output\" aria-hidden=\"true\"><\/div>\n<\/form>\n<\/div>\n<\/div>\n<\/div>\n<div class=\"sidebar_wrapper \">\n<div class=\"sidebar\">\n<div class=\"content\">\n<ul class=\"sidebar_widget\">\n<li id=\"media_video-2\" class=\"widget widget_media_video\">\n<h2 class=\"widgettitle\">Peru in my eyes<\/h2>\n<div class=\"wp-video\" style=\"width: 100%;\"><!-- [if lt IE 9]><script>document.createElement('video');<\/script><![endif]--><br \/>\n<video id=\"video-13886-1\" class=\"wp-video-shortcode\" preload=\"metadata\" controls=\"controls\" width=\"300\" height=\"150\"><source type=\"video\/youtube\" src=\"https:\/\/www.youtube.com\/watch?v=JzaQyOB42uA&amp;_=1\" \/><a href=\"https:\/\/www.youtube.com\/watch?v=JzaQyOB42uA\" target=\"_blank\" rel=\"noopener\">https:\/\/www.youtube.com\/watch?v=JzaQyOB42uA<\/a><\/video><\/div>\n<\/li>\n<li id=\"grandtour_recent_posts-3\" class=\"widget Grandtour_Recent_Posts\">\n<h2 class=\"widgettitle\">Recent Posts<\/h2>\n<ul class=\"posts blog withthumb \">\n<li>\n<div class=\"post_circle_thumb\"><a href=\"https:\/\/sylwiatravel.com\/pl\/teczowe-gory-w-cuzco-aklimatyzacja\/\"><img decoding=\"async\" src=\"https:\/\/sylwiatravel.com\/wp-content\/uploads\/2022\/08\/Teczowe-gory-w-Cuzco-w-Peru-150x150.jpg\" alt=\"\" \/><\/a><\/div>\n<p><a href=\"https:\/\/sylwiatravel.com\/pl\/teczowe-gory-w-cuzco-aklimatyzacja\/\">T\u0119czowe g\u00f3ry w Cuzco aklimatyzacja &#8211; Wycieczki w Peru<\/a><\/p>\n<div class=\"post_attribute\">August 31, 2022<\/div>\n<\/li>\n<li>\n<div class=\"post_circle_thumb\"><a href=\"https:\/\/sylwiatravel.com\/pl\/jezioro-titicaca-wycieczki-kajakowe\/\"><img decoding=\"async\" src=\"https:\/\/sylwiatravel.com\/wp-content\/uploads\/2022\/08\/Jezioro-Titicaca-Wycieczki-Kajakowe-150x150.jpg\" alt=\"\" \/><\/a><\/div>\n<p><a href=\"https:\/\/sylwiatravel.com\/pl\/jezioro-titicaca-wycieczki-kajakowe\/\">Jezioro Titicaca wycieczki kajakowe, opcja na dodatkow\u0105 adrenalin\u0119 w Peru!<\/a><\/p>\n<div class=\"post_attribute\">August 29, 2022<\/div>\n<\/li>\n<li>\n<div class=\"post_circle_thumb\"><a href=\"https:\/\/sylwiatravel.com\/pl\/hymn-narodowy-peru\/\"><img decoding=\"async\" src=\"https:\/\/sylwiatravel.com\/wp-content\/uploads\/2022\/08\/musica-peru-150x150.jpg\" alt=\"\" \/><\/a><\/div>\n<p><a href=\"https:\/\/sylwiatravel.com\/pl\/hymn-narodowy-peru\/\">Hymn narodowy Peru i inne ciekawe utwory. Koniecznie pos\u0142uchaj!<\/a><\/p>\n<div class=\"post_attribute\">August 28, 2022<\/div>\n<\/li>\n<li>\n<div class=\"post_circle_thumb\"><a href=\"https:\/\/sylwiatravel.com\/pl\/informacje-o-peru\/\"><img decoding=\"async\" src=\"https:\/\/sylwiatravel.com\/wp-content\/uploads\/2022\/08\/Informacje-o-Peru-150x150.jpg\" alt=\"\" \/><\/a><\/div>\n<p><a href=\"https:\/\/sylwiatravel.com\/pl\/informacje-o-peru\/\">Informacje o Peru, kt\u00f3re mog\u0105 zaskoczy\u0107! -Wycieczka do Peru<\/a><\/p>\n<div class=\"post_attribute\">August 27, 2022<\/div>\n<\/li>\n<li>\n<div class=\"post_circle_thumb\"><a href=\"https:\/\/sylwiatravel.com\/pl\/jezioro-titicaca-ciekawostki\/\"><img decoding=\"async\" src=\"https:\/\/sylwiatravel.com\/wp-content\/uploads\/2022\/08\/Jezioro-Titicaca-ciekawostki-150x150.jpg\" alt=\"\" \/><\/a><\/div>\n<p><a href=\"https:\/\/sylwiatravel.com\/pl\/jezioro-titicaca-ciekawostki\/\">Jezioro Titicaca ciekawostki &#8211; Wycieczki w Peru<\/a><\/p>\n<div class=\"post_attribute\">August 27, 2022<\/div>\n<\/li>\n<\/ul>\n<\/li>\n<\/ul>\n<\/div>\n<\/div>\n<\/div>\n<\/div>\n<\/div>\n<\/div>\n<\/div>\n<\/div>\n","protected":false},"excerpt":{"rendered":"<p>Jeste\u015bmy oficjalnym organizatorem wycieczek zarejestrowanym w Rejestrze Organizator\u00f3w Turystyki i Przedsi\u0119biorc\u00f3w U\u0142atwiaj\u0105cych Nabywanie Powi\u0105zanych Us\u0142ug Turystycznych prowadzonym przez Marsza\u0142ka Wojew\u00f3dztwa Podlaskiego pod nr 2\/2024. Posiadamy Gwarancj\u0119 Ubezpieczeniow\u0105 wystawion\u0105 przez TU Europa. Dane firmy: Samimunay Sp. z o.o.\u00a0 z siedzib\u0105 w [&hellip;]<\/p>\n","protected":false},"author":1,"featured_media":8672,"parent":0,"menu_order":0,"comment_status":"closed","ping_status":"closed","template":"","meta":{"footnotes":""},"class_list":["post-13886","page","type-page","status-publish","has-post-thumbnail","hentry"],"_links":{"self":[{"href":"https:\/\/sylwiatravel.com\/pl\/wp-json\/wp\/v2\/pages\/13886","targetHints":{"allow":["GET"]}}],"collection":[{"href":"https:\/\/sylwiatravel.com\/pl\/wp-json\/wp\/v2\/pages"}],"about":[{"href":"https:\/\/sylwiatravel.com\/pl\/wp-json\/wp\/v2\/types\/page"}],"author":[{"embeddable":true,"href":"https:\/\/sylwiatravel.com\/pl\/wp-json\/wp\/v2\/users\/1"}],"replies":[{"embeddable":true,"href":"https:\/\/sylwiatravel.com\/pl\/wp-json\/wp\/v2\/comments?post=13886"}],"version-history":[{"count":26,"href":"https:\/\/sylwiatravel.com\/pl\/wp-json\/wp\/v2\/pages\/13886\/revisions"}],"predecessor-version":[{"id":25260,"href":"https:\/\/sylwiatravel.com\/pl\/wp-json\/wp\/v2\/pages\/13886\/revisions\/25260"}],"wp:featuredmedia":[{"embeddable":true,"href":"https:\/\/sylwiatravel.com\/pl\/wp-json\/wp\/v2\/media\/8672"}],"wp:attachment":[{"href":"https:\/\/sylwiatravel.com\/pl\/wp-json\/wp\/v2\/media?parent=13886"}],"curies":[{"name":"wp","href":"https:\/\/api.w.org\/{rel}","templated":true}]}}